{"id":145,"date":"2022-09-13T09:39:51","date_gmt":"2022-09-13T14:39:51","guid":{"rendered":"http:\/\/computacionmarz.com\/?post_type=product&#038;p=145"},"modified":"2025-03-11T08:45:20","modified_gmt":"2025-03-11T14:45:20","slug":"convertidor-hdmi-a-vga-manhattan","status":"publish","type":"product","link":"http:\/\/computacionmarz.com\/?product=convertidor-hdmi-a-vga-manhattan","title":{"rendered":"Convertidor HDMI a VGA MANHATTAN"},"content":{"rendered":"<p>Convertidor HDMI a VGA (151467) HDMI Macho a VGA hembra, \u00a0negro, Convierte una se\u00f1al digital HDMI a video an\u00e1logo VGA, Conectores con chapa de oro, para mejor desempe\u00f1o, Terminales modeadas en PVC y a prueba de tensiones, No necesita energ\u00eda externa<\/p>\n<p>Convierte una se\u00f1al digital HDMI a video an\u00e1logo VGA<br \/>\nDisfruta de im\u00e1genes en alta definici\u00f3n en un monitor VGA, proyector u otra pantalla; soporta salida de video an\u00e1logo de 1080p<br \/>\nCompletamente blindado para reducir fuentes de interferencia EMI y otras<br \/>\nConectores con chapa de oro, para mejor desempe\u00f1o<br \/>\nTerminales modeadas en PVC y a prueba de tensiones<br \/>\nPuerto Micro-USB para energ\u00eda adicional si es requerida<\/p>\n","protected":false},"excerpt":{"rendered":"<h1>HDMI, VGA, Micro-USB, Macho\/hembra, Negro<\/h1>\n","protected":false},"featured_media":146,"comment_status":"open","ping_status":"closed","template":"","meta":{"site-sidebar-layout":"default","site-content-layout":"default","ast-global-header-display":"","ast-main-header-display":"","ast-hfb-above-header-display":"","ast-hfb-below-header-display":"","ast-hfb-mobile-header-display":"","site-post-title":"","ast-breadcrumbs-content":"","ast-featured-img":"","footer-sml-layout":"","theme-transparent-header-meta":"default","adv-header-id-meta":"","stick-header-meta":"","header-above-stick-meta":"","header-main-stick-meta":"","header-below-stick-meta":""},"product_cat":[26],"product_tag":[],"class_list":{"0":"post-145","1":"product","2":"type-product","3":"status-publish","4":"has-post-thumbnail","6":"product_cat-conv","7":"desktop-align-center","8":"tablet-align-left","9":"mobile-align-left","11":"first","12":"instock","13":"sale","14":"shipping-taxable","15":"purchasable","16":"product-type-simple"},"jetpack-related-posts":[],"_links":{"self":[{"href":"http:\/\/computacionmarz.com\/index.php?rest_route=\/wp\/v2\/product\/145","targetHints":{"allow":["GET"]}}],"collection":[{"href":"http:\/\/computacionmarz.com\/index.php?rest_route=\/wp\/v2\/product"}],"about":[{"href":"http:\/\/computacionmarz.com\/index.php?rest_route=\/wp\/v2\/types\/product"}],"replies":[{"embeddable":true,"href":"http:\/\/computacionmarz.com\/index.php?rest_route=%2Fwp%2Fv2%2Fcomments&post=145"}],"wp:featuredmedia":[{"embeddable":true,"href":"http:\/\/computacionmarz.com\/index.php?rest_route=\/wp\/v2\/media\/146"}],"wp:attachment":[{"href":"http:\/\/computacionmarz.com\/index.php?rest_route=%2Fwp%2Fv2%2Fmedia&parent=145"}],"wp:term":[{"taxonomy":"product_cat","embeddable":true,"href":"http:\/\/computacionmarz.com\/index.php?rest_route=%2Fwp%2Fv2%2Fproduct_cat&post=145"},{"taxonomy":"product_tag","embeddable":true,"href":"http:\/\/computacionmarz.com\/index.php?rest_route=%2Fwp%2Fv2%2Fproduct_tag&post=145"}],"curies":[{"name":"wp","href":"https:\/\/api.w.org\/{rel}","templated":true}]}}