{"id":187,"date":"2022-09-14T14:21:21","date_gmt":"2022-09-14T19:21:21","guid":{"rendered":"http:\/\/computacionmarz.com\/?post_type=product&#038;p=187"},"modified":"2025-03-11T08:45:05","modified_gmt":"2025-03-11T14:45:05","slug":"amazon-echo-dot-asistente-de-voz-3ra-generacion","status":"publish","type":"product","link":"http:\/\/computacionmarz.com\/?product=amazon-echo-dot-asistente-de-voz-3ra-generacion","title":{"rendered":"Amazon Echo Dot Asistente de Voz 3ra Generaci\u00f3n"},"content":{"rendered":"<ul class=\"a-unordered-list a-vertical a-spacing-mini\">\n<li><span class=\"a-list-item\">Control de voz para tu m\u00fasica- Reproduce canciones desde Amazon Music, Apple Music, Spotify, Sirius XM, y otros. Tambi\u00e9n puedes escuchar audiolibros de Audible.<\/span><\/li>\n<li><span class=\"a-list-item\">Lista para ayudarte- P\u00eddele a Alexa que reproduzca m\u00fasica, conteste preguntas, lea las noticias, revise el pron\u00f3stico del tiempo, configure alarmas, controle los dispositivos dom\u00e9sticos inteligentes compatibles, y mucho m\u00e1s.<\/span><\/li>\n<li><span class=\"a-list-item\">Controla tu Smart Home con tu voz &#8211; Enciende las luces, ajusta los termostatos, cierra puertas y m\u00e1s con los dispositivos compatibles conectados.<\/span><\/li>\n<\/ul>\n","protected":false},"excerpt":{"rendered":"<h6 class=\"detailsInfo_right_title\">Inal\u00e1mbrico, WiFi, Bluetooth, Gris\/Negro<\/h6>\n","protected":false},"featured_media":188,"comment_status":"open","ping_status":"closed","template":"","meta":{"site-sidebar-layout":"default","site-content-layout":"default","ast-global-header-display":"","ast-main-header-display":"","ast-hfb-above-header-display":"","ast-hfb-below-header-display":"","ast-hfb-mobile-header-display":"","site-post-title":"","ast-breadcrumbs-content":"","ast-featured-img":"","footer-sml-layout":"","theme-transparent-header-meta":"default","adv-header-id-meta":"","stick-header-meta":"","header-above-stick-meta":"","header-main-stick-meta":"","header-below-stick-meta":""},"product_cat":[24],"product_tag":[],"class_list":{"0":"post-187","1":"product","2":"type-product","3":"status-publish","4":"has-post-thumbnail","6":"product_cat-aud","7":"desktop-align-center","8":"tablet-align-left","9":"mobile-align-left","11":"first","12":"instock","13":"sale","14":"shipping-taxable","15":"purchasable","16":"product-type-simple"},"jetpack-related-posts":[{"id":86,"url":"http:\/\/computacionmarz.com\/?product=ssd-kingston-technology-sa400s37-240","url_meta":{"origin":187,"position":0},"title":"SSD Kingston Technology SA400S37\/240","date":"12\/09\/2022","format":false,"excerpt":"SSD Kingston Technology SA400S37\/240, 240 GB Serial ATA III 500 MB\/s 350 MB\/s 6 Gbit\/s","rel":"","context":"Entrada similar","img":{"alt_text":"SSD 240Gb","src":"https:\/\/i0.wp.com\/computacionmarz.com\/wp-content\/uploads\/2022\/09\/DDUKGT1290_400.jpg?fit=400%2C250&resize=350%2C200","width":350,"height":200},"classes":[]},{"id":162,"url":"http:\/\/computacionmarz.com\/?product=audifonos-over-ear-lf-acoustics-aura","url_meta":{"origin":187,"position":1},"title":"Audifonos Over Ear LF ACOUSTICS Aura","date":"13\/09\/2022","format":false,"excerpt":"\u00a0Azul, Bluetooth 5.0","rel":"","context":"Entrada similar","img":{"alt_text":"","src":"https:\/\/i0.wp.com\/computacionmarz.com\/wp-content\/uploads\/2022\/09\/Audifonos-Over-Ear-LF-ACOUSTICS.jpg?fit=468%2C432&resize=350%2C200","width":350,"height":200},"classes":[]}],"_links":{"self":[{"href":"http:\/\/computacionmarz.com\/index.php?rest_route=\/wp\/v2\/product\/187","targetHints":{"allow":["GET"]}}],"collection":[{"href":"http:\/\/computacionmarz.com\/index.php?rest_route=\/wp\/v2\/product"}],"about":[{"href":"http:\/\/computacionmarz.com\/index.php?rest_route=\/wp\/v2\/types\/product"}],"replies":[{"embeddable":true,"href":"http:\/\/computacionmarz.com\/index.php?rest_route=%2Fwp%2Fv2%2Fcomments&post=187"}],"wp:featuredmedia":[{"embeddable":true,"href":"http:\/\/computacionmarz.com\/index.php?rest_route=\/wp\/v2\/media\/188"}],"wp:attachment":[{"href":"http:\/\/computacionmarz.com\/index.php?rest_route=%2Fwp%2Fv2%2Fmedia&parent=187"}],"wp:term":[{"taxonomy":"product_cat","embeddable":true,"href":"http:\/\/computacionmarz.com\/index.php?rest_route=%2Fwp%2Fv2%2Fproduct_cat&post=187"},{"taxonomy":"product_tag","embeddable":true,"href":"http:\/\/computacionmarz.com\/index.php?rest_route=%2Fwp%2Fv2%2Fproduct_tag&post=187"}],"curies":[{"name":"wp","href":"https:\/\/api.w.org\/{rel}","templated":true}]}}