{"id":67,"date":"2022-09-10T13:31:23","date_gmt":"2022-09-10T18:31:23","guid":{"rendered":"http:\/\/computacionmarz.com\/?product=hoodie-with-logo"},"modified":"2024-09-06T03:51:49","modified_gmt":"2024-09-06T09:51:49","slug":"hoodie-with-logo","status":"publish","type":"product","link":"http:\/\/computacionmarz.com\/?product=hoodie-with-logo","title":{"rendered":"Fuente de Poder VORAGO, 500 W"},"content":{"rendered":"<ul>\n<li><strong>Fuente de poder 500W<\/strong>\u00a0:\u00a0La eficiencia de la fuente de poder Power Supply 101 de Vorago&#x2122; te permite aprovechar al m\u00e1ximo la energ\u00eda adem\u00e1s de proteger tu equipo de sobrecalentamientos, altibajos de voltaje o cortos circuitos.<\/li>\n<li><strong>Ventilaci\u00f3n constante:\u00a0<\/strong>Su potente ventilador con amplias rejillas, mantienen la fuente a la temperatura optima de funcionamiento.<\/li>\n<li><strong>Practicidad:\u00a0<\/strong>El cable de alimentaci\u00f3n es separable permiti\u00e9ndote una ventaja de conexi\u00f3n y pudiendo ser sustituido f\u00e1cilmente.<\/li>\n<li><strong>Versatilidad:\u00a0<\/strong>Interruptor de 115 \/ 230 Volts para adaptarse a tus requerimientos espec\u00edficos de voltaje.<\/li>\n<li><strong>Seguridad y ahorro:\u00a0<\/strong>Bot\u00f3n de encendido que te asegura la interrupci\u00f3n total de la corriente hacia tu equipo protegi\u00e9ndolo y ahorrando energ\u00eda.<\/li>\n<\/ul>\n","protected":false},"excerpt":{"rendered":"<h1>500 W, 90 &#8211; 264 V, 47 &#8211; 63 Hz, PC, Gris<\/h1>\n","protected":false},"featured_media":68,"comment_status":"open","ping_status":"closed","template":"","meta":{"site-sidebar-layout":"default","site-content-layout":"default","ast-global-header-display":"","ast-main-header-display":"","ast-hfb-above-header-display":"","ast-hfb-below-header-display":"","ast-hfb-mobile-header-display":"","site-post-title":"","ast-breadcrumbs-content":"","ast-featured-img":"","footer-sml-layout":"","theme-transparent-header-meta":"default","adv-header-id-meta":"","stick-header-meta":"","header-above-stick-meta":"","header-main-stick-meta":"","header-below-stick-meta":""},"product_cat":[18],"product_tag":[],"class_list":{"0":"post-67","1":"product","2":"type-product","3":"status-publish","4":"has-post-thumbnail","6":"product_cat-ener","7":"desktop-align-center","8":"tablet-align-left","9":"mobile-align-left","11":"first","12":"instock","13":"sale","14":"shipping-taxable","15":"purchasable","16":"product-type-simple"},"jetpack-related-posts":[{"id":160,"url":"http:\/\/computacionmarz.com\/?product=regulador-vorago-avr-100","url_meta":{"origin":67,"position":0},"title":"REGULADOR VORAGO AVR-100","date":"13\/09\/2022","format":false,"excerpt":"Prot\u00e9gete de los altibajos de corriente Protege tu equipo. Con los 8 contactos del Voltage Regulator 100 de Vorago\u00ae prot\u00e9gete de los peligrosos picos de corriente, que al mismo tiempo regulan el voltaje y lo mantienen uniforme hasta para 4 equipos.","rel":"","context":"Entrada similar","img":{"alt_text":"","src":"https:\/\/i0.wp.com\/computacionmarz.com\/wp-content\/uploads\/2022\/09\/Regulador-Vorago-AVR-100.jpg?fit=800%2C800&resize=350%2C200","width":350,"height":200},"classes":[]},{"id":145,"url":"http:\/\/computacionmarz.com\/?product=convertidor-hdmi-a-vga-manhattan","url_meta":{"origin":67,"position":1},"title":"Convertidor HDMI a VGA MANHATTAN","date":"13\/09\/2022","format":false,"excerpt":"HDMI, VGA, Micro-USB, Macho\/hembra, Negro","rel":"","context":"Entrada similar","img":{"alt_text":"","src":"https:\/\/i0.wp.com\/computacionmarz.com\/wp-content\/uploads\/2022\/09\/Hdmi-a-VGA-Manhattan.jpg?fit=389%2C400&resize=350%2C200","width":350,"height":200},"classes":[]},{"id":86,"url":"http:\/\/computacionmarz.com\/?product=ssd-kingston-technology-sa400s37-240","url_meta":{"origin":67,"position":2},"title":"SSD Kingston Technology SA400S37\/240","date":"12\/09\/2022","format":false,"excerpt":"SSD Kingston Technology SA400S37\/240, 240 GB Serial ATA III 500 MB\/s 350 MB\/s 6 Gbit\/s","rel":"","context":"Entrada similar","img":{"alt_text":"SSD 240Gb","src":"https:\/\/i0.wp.com\/computacionmarz.com\/wp-content\/uploads\/2022\/09\/DDUKGT1290_400.jpg?fit=400%2C250&resize=350%2C200","width":350,"height":200},"classes":[]}],"_links":{"self":[{"href":"http:\/\/computacionmarz.com\/index.php?rest_route=\/wp\/v2\/product\/67","targetHints":{"allow":["GET"]}}],"collection":[{"href":"http:\/\/computacionmarz.com\/index.php?rest_route=\/wp\/v2\/product"}],"about":[{"href":"http:\/\/computacionmarz.com\/index.php?rest_route=\/wp\/v2\/types\/product"}],"replies":[{"embeddable":true,"href":"http:\/\/computacionmarz.com\/index.php?rest_route=%2Fwp%2Fv2%2Fcomments&post=67"}],"wp:featuredmedia":[{"embeddable":true,"href":"http:\/\/computacionmarz.com\/index.php?rest_route=\/wp\/v2\/media\/68"}],"wp:attachment":[{"href":"http:\/\/computacionmarz.com\/index.php?rest_route=%2Fwp%2Fv2%2Fmedia&parent=67"}],"wp:term":[{"taxonomy":"product_cat","embeddable":true,"href":"http:\/\/computacionmarz.com\/index.php?rest_route=%2Fwp%2Fv2%2Fproduct_cat&post=67"},{"taxonomy":"product_tag","embeddable":true,"href":"http:\/\/computacionmarz.com\/index.php?rest_route=%2Fwp%2Fv2%2Fproduct_tag&post=67"}],"curies":[{"name":"wp","href":"https:\/\/api.w.org\/{rel}","templated":true}]}}